{"id":146,"date":"2025-04-02T20:24:13","date_gmt":"2025-04-02T18:24:13","guid":{"rendered":"https:\/\/widok.pe\/wp\/?page_id=146"},"modified":"2025-05-08T00:44:00","modified_gmt":"2025-05-07T22:44:00","slug":"mandarinatango","status":"publish","type":"page","link":"https:\/\/widok.pe\/en\/mandarinatango\/","title":{"rendered":"Mandarin Tango"},"content":{"rendered":"<div class=\"wp-block-uagb-container uagb-block-xlxeio8r alignfull uagb-is-root-container\"><div class=\"uagb-container-inner-blocks-wrap\">\n<div class=\"wp-block-uagb-info-box uagb-block-uegjokfg uagb-infobox__content-wrap  uagb-infobox-icon-above-title uagb-infobox-image-valign-top\"><div class=\"uagb-ifb-content\"><div class=\"uagb-ifb-title-wrap\"><h1 class=\"uagb-ifb-title\">MANDARIN TANGO<\/h1><\/div><\/div><\/div>\n<\/div><\/div>\n\n\n\n<div class=\"wp-block-uagb-container uagb-block-79c69472 alignfull uagb-is-root-container\"><div class=\"uagb-container-inner-blocks-wrap\">\n<div class=\"wp-block-uagb-advanced-heading uagb-block-a60518dc\"><h2 class=\"uagb-heading-text\"><strong>Exquisite Flavor and Guaranteed Freshness<\/strong><\/h2><\/div>\n<\/div><\/div>\n\n\n\n<div class=\"wp-block-uagb-container uagb-block-lmsx9vo1 alignfull uagb-is-root-container\"><div class=\"uagb-container-inner-blocks-wrap\">\n<div class=\"wp-block-uagb-image alignwide uagb-block-bzucuilv wp-block-uagb-image--layout-default wp-block-uagb-image--effect-static wp-block-uagb-image--align-wide alignleft\"><figure class=\"wp-block-uagb-image__figure\"><img decoding=\"async\" srcset=\"https:\/\/widok.pe\/wp-content\/uploads\/2025\/04\/mandarina-portada.png ,https:\/\/widok.pe\/wp-content\/uploads\/2025\/04\/mandarina-portada.png 780w, https:\/\/widok.pe\/wp-content\/uploads\/2025\/04\/mandarina-portada.png 360w\" sizes=\"auto, (max-width: 480px) 150px\" src=\"https:\/\/widok.pe\/wp-content\/uploads\/2025\/04\/mandarina-portada.png\" alt=\"\" class=\"uag-image-148\" width=\"454\" height=\"450\" title=\"mandarina--portada\" loading=\"lazy\" role=\"img\"\/><\/figure><\/div>\n\n\n\n<div class=\"wp-block-uagb-container uagb-block-r1by2uvk\">\n<div class=\"wp-block-uagb-info-box uagb-block-ff7ervha uagb-infobox__content-wrap  uagb-infobox-icon-above-title uagb-infobox-image-valign-top\"><div class=\"uagb-ifb-content\"><div class=\"uagb-ifb-title-wrap\"><h3 class=\"uagb-ifb-title\">ADVANTAGES AND NUTRITIONAL BENEFITS<\/h3><\/div><\/div><\/div>\n\n\n\n<div class=\"wp-block-uagb-icon-list uagb-block-9cb314cf\"><div class=\"uagb-icon-list__wrap\">\n<div class=\"wp-block-uagb-icon-list-child uagb-block-dcef6812\"><span class=\"uagb-icon-list__source-wrap\"><svg xmlns=\"https:\/\/www.w3.org\/2000\/svg\" viewbox=\"0 0 512 512\"><path d=\"M256 0C114.6 0 0 114.6 0 256c0 141.4 114.6 256 256 256s256-114.6 256-256C512 114.6 397.4 0 256 0zM406.6 278.6l-103.1 103.1c-12.5 12.5-32.75 12.5-45.25 0s-12.5-32.75 0-45.25L306.8 288H128C110.3 288 96 273.7 96 256s14.31-32 32-32h178.8l-49.38-49.38c-12.5-12.5-12.5-32.75 0-45.25s32.75-12.5 45.25 0l103.1 103.1C414.6 241.3 416 251.1 416 256C416 260.9 414.6 270.7 406.6 278.6z\"><\/path><\/svg><\/span><span class=\"uagb-icon-list__label\">Packaging tailored to its delicate skin and high juiciness, preserving freshness and flavor.<\/span><\/div>\n\n\n\n<div class=\"wp-block-uagb-icon-list-child uagb-block-aa2578dc\"><span class=\"uagb-icon-list__source-wrap\"><svg xmlns=\"https:\/\/www.w3.org\/2000\/svg\" viewbox=\"0 0 512 512\"><path d=\"M256 0C114.6 0 0 114.6 0 256c0 141.4 114.6 256 256 256s256-114.6 256-256C512 114.6 397.4 0 256 0zM406.6 278.6l-103.1 103.1c-12.5 12.5-32.75 12.5-45.25 0s-12.5-32.75 0-45.25L306.8 288H128C110.3 288 96 273.7 96 256s14.31-32 32-32h178.8l-49.38-49.38c-12.5-12.5-12.5-32.75 0-45.25s32.75-12.5 45.25 0l103.1 103.1C414.6 241.3 416 251.1 416 256C416 260.9 414.6 270.7 406.6 278.6z\"><\/path><\/svg><\/span><span class=\"uagb-icon-list__label\">Optimized post-harvest process to maintain sweetness and shelf life during international transport.<\/span><\/div>\n\n\n\n<div class=\"wp-block-uagb-icon-list-child uagb-block-217b8e39\"><span class=\"uagb-icon-list__source-wrap\"><svg xmlns=\"https:\/\/www.w3.org\/2000\/svg\" viewbox=\"0 0 512 512\"><path d=\"M256 0C114.6 0 0 114.6 0 256c0 141.4 114.6 256 256 256s256-114.6 256-256C512 114.6 397.4 0 256 0zM406.6 278.6l-103.1 103.1c-12.5 12.5-32.75 12.5-45.25 0s-12.5-32.75 0-45.25L306.8 288H128C110.3 288 96 273.7 96 256s14.31-32 32-32h178.8l-49.38-49.38c-12.5-12.5-12.5-32.75 0-45.25s32.75-12.5 45.25 0l103.1 103.1C414.6 241.3 416 251.1 416 256C416 260.9 414.6 270.7 406.6 278.6z\"><\/path><\/svg><\/span><span class=\"uagb-icon-list__label\">Ideal for markets that value seedless, ready-to-eat fruit.<\/span><\/div>\n\n\n\n<div class=\"wp-block-uagb-icon-list-child uagb-block-0541c09e\"><span class=\"uagb-icon-list__source-wrap\"><svg xmlns=\"https:\/\/www.w3.org\/2000\/svg\" viewbox=\"0 0 512 512\"><path d=\"M256 0C114.6 0 0 114.6 0 256c0 141.4 114.6 256 256 256s256-114.6 256-256C512 114.6 397.4 0 256 0zM406.6 278.6l-103.1 103.1c-12.5 12.5-32.75 12.5-45.25 0s-12.5-32.75 0-45.25L306.8 288H128C110.3 288 96 273.7 96 256s14.31-32 32-32h178.8l-49.38-49.38c-12.5-12.5-12.5-32.75 0-45.25s32.75-12.5 45.25 0l103.1 103.1C414.6 241.3 416 251.1 416 256C416 260.9 414.6 270.7 406.6 278.6z\"><\/path><\/svg><\/span><span class=\"uagb-icon-list__label\"><strong>Nutritional Benefits:<\/strong> A natural source of vitamin C, ideal for strengthening the immune system. Contains dietary fiber that supports healthy digestion, and is rich in antioxidants essential for overall well-being. \u2705<\/span><\/div>\n<\/div><\/div>\n<\/div>\n<\/div><\/div>\n\n\n\n<div class=\"wp-block-uagb-container uagb-block-f9abfda0 alignfull uagb-is-root-container\"><div class=\"uagb-container-inner-blocks-wrap\">\n<div class=\"wp-block-uagb-container uagb-block-884196ee\">\n<div class=\"wp-block-uagb-advanced-heading uagb-block-9db1d746\"><h2 class=\"uagb-heading-text\">Mandarin Harvest Season: Flavor at Its Peak<\/h2><p class=\"uagb-desc-text\">La temporada de cosecha de la Mandarina Tango en Widok es el momento perfecto para disfrutar su sabor dulce, jugosidad y frescura.<\/p><\/div>\n<\/div>\n\n\n\n<div class=\"wp-block-uagb-container uagb-block-f06d44f4\">\n<div class=\"wp-block-uagb-image uagb-block-e90eea18 wp-block-uagb-image--layout-default wp-block-uagb-image--effect-static wp-block-uagb-image--align-none\"><figure class=\"wp-block-uagb-image__figure\"><img decoding=\"async\" srcset=\"https:\/\/widok.pe\/wp-content\/uploads\/2025\/04\/calendario-mandarina-1-1024x818.png ,https:\/\/widok.pe\/wp-content\/uploads\/2025\/04\/calendario-mandarina-1.png 780w, https:\/\/widok.pe\/wp-content\/uploads\/2025\/04\/calendario-mandarina-1.png 360w\" sizes=\"auto, (max-width: 480px) 150px\" src=\"https:\/\/widok.pe\/wp-content\/uploads\/2025\/04\/calendario-mandarina-1-1024x818.png\" alt=\"\" class=\"uag-image-159\" width=\"1024\" height=\"818\" title=\"calendario-mandarina\" loading=\"lazy\" role=\"img\"\/><\/figure><\/div>\n<\/div>\n<\/div><\/div>\n\n\n\n<div class=\"wp-block-uagb-container uagb-block-e088ff5d alignfull uagb-is-root-container\"><div class=\"uagb-container-inner-blocks-wrap\">\n<div class=\"wp-block-uagb-marketing-button uagb-marketing-btn__align-center uagb-marketing-btn__align-text-center uagb-marketing-btn__icon-after uagb-block-6e7d4c75 wp-block-button\"><a href=\"https:\/\/widok.pe\/fichatecnicamandarinatango.pdf\" class=\"uagb-marketing-btn__link wp-block-button__link\" target=\"\" rel=\"noopener noreferrer\"><span class=\"uagb-marketing-btn__title\">Technical Specifications<\/span><svg xmlns=\"https:\/\/www.w3.org\/2000\/svg\" viewbox=\"0 0 384 512\"><path d=\"M374.6 310.6l-160 160C208.4 476.9 200.2 480 192 480s-16.38-3.125-22.62-9.375l-160-160c-12.5-12.5-12.5-32.75 0-45.25s32.75-12.5 45.25 0L160 370.8V64c0-17.69 14.33-31.1 31.1-31.1S224 46.31 224 64v306.8l105.4-105.4c12.5-12.5 32.75-12.5 45.25 0S387.1 298.1 374.6 310.6z\"><\/path><\/svg><p class=\"uagb-marketing-btn__prefix\"><strong>DOWNLOAD HERE <\/strong>TANGO MANDARIN SPECIFICATIONS<\/p><\/a><\/div>\n<\/div><\/div>\n\n\n\n<div class=\"wp-block-uagb-container uagb-block-d5954045 alignfull uagb-is-root-container\"><div class=\"uagb-container-inner-blocks-wrap\">\n<div class=\"wp-block-columns is-layout-flex wp-container-core-columns-is-layout-28f84493 wp-block-columns-is-layout-flex\">\n<div class=\"wp-block-column is-layout-flow wp-block-column-is-layout-flow\">\n<div class=\"wp-block-uagb-container uagb-block-5bd4405b\">\n<div class=\"wp-block-uagb-advanced-heading uagb-block-65678838\"><h1 class=\"uagb-heading-text\"><strong>Connect with Us<\/strong><\/h1><p class=\"uagb-desc-text\">At Widok, we are committed to providing you with clear and timely information about our products and services. If you have any questions, comments, or would like to learn more about our fresh fruits and certifications, <strong>fill out the form or contact us via WhatsApp or social media. We\u2019ll be happy to assist you!<\/strong><\/p><\/div>\n<\/div>\n<\/div>\n\n\n\n<div class=\"wp-block-column is-layout-flow wp-block-column-is-layout-flow\">\n<div class=\"wp-block-uagb-forms uagb-forms__outer-wrap uagb-block-42949b36 uagb-forms__medium-btn\"><form class=\"uagb-forms-main-form\" method=\"post\" autocomplete=\"on\" name=\"uagb-form-42949b36\" action=\"\">\n<div class=\"wp-block-uagb-forms-name uagb-forms-name-wrap uagb-forms-field-set uagb-block-ba1d4a74\"><div class=\"uagb-forms-name-label required uagb-forms-input-label\" id=\"ba1d4a74\">First Name<\/div><input type=\"text\" placeholder=\"\" required class=\"uagb-forms-name-input uagb-forms-input\" name=\"ba1d4a74\" autocomplete=\"given-name\"\/><\/div>\n\n\n\n<div class=\"wp-block-uagb-forms-name uagb-forms-name-wrap uagb-forms-field-set uagb-block-8d107e76\"><div class=\"uagb-forms-name-label required uagb-forms-input-label\" id=\"8d107e76\">Last Name<\/div><input type=\"text\" placeholder=\"\" required class=\"uagb-forms-name-input uagb-forms-input\" name=\"8d107e76\" autocomplete=\"family-name\"\/><\/div>\n\n\n\n<div class=\"wp-block-uagb-forms-email uagb-forms-email-wrap uagb-forms-field-set uagb-block-97250f88\"><div class=\"uagb-forms-email-label required uagb-forms-input-label\" id=\"97250f88\">Mail<\/div><input type=\"email\" class=\"uagb-forms-email-input uagb-forms-input\" placeholder=\"\" required name=\"97250f88\" autocomplete=\"email\"\/><\/div>\n\n\n\n<div class=\"wp-block-uagb-forms-textarea uagb-forms-textarea-wrap uagb-forms-field-set uagb-block-8e3d890f\"><div class=\"uagb-forms-textarea-label required uagb-forms-input-label\" id=\"8e3d890f\">Message<\/div><textarea required class=\"uagb-forms-textarea-input uagb-forms-input\" rows=\"4\" placeholder=\"\" name=\"8e3d890f\" autocomplete=\"off\"><\/textarea><\/div>\n<div class=\"uagb-forms-form-hidden-data\"><input type=\"hidden\" class=\"uagb_forms_form_label\" value=\"Spectra Form\"\/><input type=\"hidden\" class=\"uagb_forms_form_id\" value=\"uagb-form-42949b36\"\/><\/div><div class=\"uagb-form-reacaptcha-error-42949b36\"><\/div><div class=\"uagb-forms-main-submit-button-wrap wp-block-button\"><button class=\"uagb-forms-main-submit-button wp-block-button__link\"><div class=\"uagb-forms-main-submit-button-text\">Send<\/div><\/button><\/div><input type=\"hidden\" name=\"trp-form-language\" value=\"en\"\/><\/form><div class=\"uagb-forms-success-message-42949b36 uagb-forms-submit-message-hide\"><span>The form has been submitted successfully!<\/span><\/div><div class=\"uagb-forms-failed-message-42949b36 uagb-forms-submit-message-hide\"><span>There has been some error while submitting the form. Please verify all form fields again.<\/span><\/div><\/div>\n<\/div>\n<\/div>\n<\/div><\/div>","protected":false},"excerpt":{"rendered":"<p>Sabor Exquisito y Frescura Garantizada Temporada de Cosecha de Mandarina: Sabor en su M\u00e1ximo Esplendor La temporada de cosecha de [&hellip;]<\/p>","protected":false},"author":1,"featured_media":0,"parent":0,"menu_order":0,"comment_status":"closed","ping_status":"closed","template":"","meta":{"_uag_custom_page_level_css":"","site-sidebar-layout":"default","site-content-layout":"","ast-site-content-layout":"","site-content-style":"default","site-sidebar-style":"default","ast-global-header-display":"","ast-banner-title-visibility":"","ast-main-header-display":"","ast-hfb-above-header-display":"","ast-hfb-below-header-display":"","ast-hfb-mobile-header-display":"","site-post-title":"disabled","ast-breadcrumbs-content":"","ast-featured-img":"","footer-sml-layout":"","theme-transparent-header-meta":"","adv-header-id-meta":"","stick-header-meta":"","header-above-stick-meta":"","header-main-stick-meta":"","header-below-stick-meta":"","astra-migrate-meta-layouts":"default","ast-page-background-enabled":"default","ast-page-background-meta":{"desktop":{"background-color":"var(--ast-global-color-5)","background-image":"","background-repeat":"repeat","background-position":"center center","background-size":"auto","background-attachment":"scroll","background-type":"","background-media":"","overlay-type":"","overlay-color":"","overlay-opacity":"","overlay-gradient":""},"tablet":{"background-color":"","background-image":"","background-repeat":"repeat","background-position":"center center","background-size":"auto","background-attachment":"scroll","background-type":"","background-media":"","overlay-type":"","overlay-color":"","overlay-opacity":"","overlay-gradient":""},"mobile":{"background-color":"","background-image":"","background-repeat":"repeat","background-position":"center center","background-size":"auto","background-attachment":"scroll","background-type":"","background-media":"","overlay-type":"","overlay-color":"","overlay-opacity":"","overlay-gradient":""}},"ast-content-background-meta":{"desktop":{"background-color":"var(--ast-global-color-4)","background-image":"","background-repeat":"repeat","background-position":"center center","background-size":"auto","background-attachment":"scroll","background-type":"","background-media":"","overlay-type":"","overlay-color":"","overlay-opacity":"","overlay-gradient":""},"tablet":{"background-color":"var(--ast-global-color-4)","background-image":"","background-repeat":"repeat","background-position":"center center","background-size":"auto","background-attachment":"scroll","background-type":"","background-media":"","overlay-type":"","overlay-color":"","overlay-opacity":"","overlay-gradient":""},"mobile":{"background-color":"var(--ast-global-color-4)","background-image":"","background-repeat":"repeat","background-position":"center center","background-size":"auto","background-attachment":"scroll","background-type":"","background-media":"","overlay-type":"","overlay-color":"","overlay-opacity":"","overlay-gradient":""}},"footnotes":""},"class_list":["post-146","page","type-page","status-publish","hentry"],"yoast_head":"<!-- This site is optimized with the Yoast SEO plugin v24.8.1 - https:\/\/yoast.com\/wordpress\/plugins\/seo\/ -->\n<title>Mandarina Tango -<\/title>\n<meta name=\"description\" content=\"Conoce la mandarina Tango de Widok: una fruta premium sin semillas, de sabor dulce y jugoso, cultivada en Per\u00fa con altos est\u00e1ndares de calidad para exportaci\u00f3n internacional.\" \/>\n<meta name=\"robots\" content=\"index, follow, max-snippet:-1, max-image-preview:large, max-video-preview:-1\" \/>\n<link rel=\"canonical\" href=\"https:\/\/widok.pe\/en\/mandarinatango\/\" \/>\n<meta property=\"og:locale\" content=\"en_US\" \/>\n<meta property=\"og:type\" content=\"article\" \/>\n<meta property=\"og:title\" content=\"Mandarina Tango -\" \/>\n<meta property=\"og:description\" content=\"Conoce la mandarina Tango de Widok: una fruta premium sin semillas, de sabor dulce y jugoso, cultivada en Per\u00fa con altos est\u00e1ndares de calidad para exportaci\u00f3n internacional.\" \/>\n<meta property=\"og:url\" content=\"https:\/\/widok.pe\/en\/mandarinatango\/\" \/>\n<meta property=\"article:modified_time\" content=\"2025-05-07T22:44:00+00:00\" \/>\n<meta property=\"og:image\" content=\"https:\/\/widok.pe\/wp-content\/uploads\/2025\/04\/mandarina-portada.png\" \/>\n<meta name=\"twitter:card\" content=\"summary_large_image\" \/>\n<meta name=\"twitter:label1\" content=\"Est. reading time\" \/>\n\t<meta name=\"twitter:data1\" content=\"2 minutes\" \/>\n<script type=\"application\/ld+json\" class=\"yoast-schema-graph\">{\"@context\":\"https:\/\/schema.org\",\"@graph\":[{\"@type\":\"WebPage\",\"@id\":\"https:\/\/widok.pe\/mandarinatango\/\",\"url\":\"https:\/\/widok.pe\/mandarinatango\/\",\"name\":\"Mandarina Tango -\",\"isPartOf\":{\"@id\":\"https:\/\/widok.pe\/#website\"},\"primaryImageOfPage\":{\"@id\":\"https:\/\/widok.pe\/mandarinatango\/#primaryimage\"},\"image\":{\"@id\":\"https:\/\/widok.pe\/mandarinatango\/#primaryimage\"},\"thumbnailUrl\":\"https:\/\/widok.pe\/wp-content\/uploads\/2025\/04\/mandarina-portada.png\",\"datePublished\":\"2025-04-02T18:24:13+00:00\",\"dateModified\":\"2025-05-07T22:44:00+00:00\",\"description\":\"Conoce la mandarina Tango de Widok: una fruta premium sin semillas, de sabor dulce y jugoso, cultivada en Per\u00fa con altos est\u00e1ndares de calidad para exportaci\u00f3n internacional.\",\"breadcrumb\":{\"@id\":\"https:\/\/widok.pe\/mandarinatango\/#breadcrumb\"},\"inLanguage\":\"en-US\",\"potentialAction\":[{\"@type\":\"ReadAction\",\"target\":[\"https:\/\/widok.pe\/mandarinatango\/\"]}]},{\"@type\":\"ImageObject\",\"inLanguage\":\"en-US\",\"@id\":\"https:\/\/widok.pe\/mandarinatango\/#primaryimage\",\"url\":\"https:\/\/widok.pe\/wp-content\/uploads\/2025\/04\/mandarina-portada.png\",\"contentUrl\":\"https:\/\/widok.pe\/wp-content\/uploads\/2025\/04\/mandarina-portada.png\"},{\"@type\":\"BreadcrumbList\",\"@id\":\"https:\/\/widok.pe\/mandarinatango\/#breadcrumb\",\"itemListElement\":[{\"@type\":\"ListItem\",\"position\":1,\"name\":\"Portada\",\"item\":\"https:\/\/widok.pe\/\"},{\"@type\":\"ListItem\",\"position\":2,\"name\":\"Mandarina Tango\"}]},{\"@type\":\"WebSite\",\"@id\":\"https:\/\/widok.pe\/#website\",\"url\":\"https:\/\/widok.pe\/\",\"name\":\"\",\"description\":\"Widok | Agroindustria\",\"potentialAction\":[{\"@type\":\"SearchAction\",\"target\":{\"@type\":\"EntryPoint\",\"urlTemplate\":\"https:\/\/widok.pe\/?s={search_term_string}\"},\"query-input\":{\"@type\":\"PropertyValueSpecification\",\"valueRequired\":true,\"valueName\":\"search_term_string\"}}],\"inLanguage\":\"en-US\"}]}<\/script>\n<!-- \/ Yoast SEO plugin. -->","yoast_head_json":{"title":"Mandarina Tango -","description":"Conoce la mandarina Tango de Widok: una fruta premium sin semillas, de sabor dulce y jugoso, cultivada en Per\u00fa con altos est\u00e1ndares de calidad para exportaci\u00f3n internacional.","robots":{"index":"index","follow":"follow","max-snippet":"max-snippet:-1","max-image-preview":"max-image-preview:large","max-video-preview":"max-video-preview:-1"},"canonical":"https:\/\/widok.pe\/en\/mandarinatango\/","og_locale":"en_US","og_type":"article","og_title":"Mandarina Tango -","og_description":"Conoce la mandarina Tango de Widok: una fruta premium sin semillas, de sabor dulce y jugoso, cultivada en Per\u00fa con altos est\u00e1ndares de calidad para exportaci\u00f3n internacional.","og_url":"https:\/\/widok.pe\/en\/mandarinatango\/","article_modified_time":"2025-05-07T22:44:00+00:00","og_image":[{"url":"https:\/\/widok.pe\/wp-content\/uploads\/2025\/04\/mandarina-portada.png","type":"","width":"","height":""}],"twitter_card":"summary_large_image","twitter_misc":{"Est. reading time":"2 minutes"},"schema":{"@context":"https:\/\/schema.org","@graph":[{"@type":"WebPage","@id":"https:\/\/widok.pe\/mandarinatango\/","url":"https:\/\/widok.pe\/mandarinatango\/","name":"Mandarina Tango -","isPartOf":{"@id":"https:\/\/widok.pe\/#website"},"primaryImageOfPage":{"@id":"https:\/\/widok.pe\/mandarinatango\/#primaryimage"},"image":{"@id":"https:\/\/widok.pe\/mandarinatango\/#primaryimage"},"thumbnailUrl":"https:\/\/widok.pe\/wp-content\/uploads\/2025\/04\/mandarina-portada.png","datePublished":"2025-04-02T18:24:13+00:00","dateModified":"2025-05-07T22:44:00+00:00","description":"Conoce la mandarina Tango de Widok: una fruta premium sin semillas, de sabor dulce y jugoso, cultivada en Per\u00fa con altos est\u00e1ndares de calidad para exportaci\u00f3n internacional.","breadcrumb":{"@id":"https:\/\/widok.pe\/mandarinatango\/#breadcrumb"},"inLanguage":"en-US","potentialAction":[{"@type":"ReadAction","target":["https:\/\/widok.pe\/mandarinatango\/"]}]},{"@type":"ImageObject","inLanguage":"en-US","@id":"https:\/\/widok.pe\/mandarinatango\/#primaryimage","url":"https:\/\/widok.pe\/wp-content\/uploads\/2025\/04\/mandarina-portada.png","contentUrl":"https:\/\/widok.pe\/wp-content\/uploads\/2025\/04\/mandarina-portada.png"},{"@type":"BreadcrumbList","@id":"https:\/\/widok.pe\/mandarinatango\/#breadcrumb","itemListElement":[{"@type":"ListItem","position":1,"name":"Portada","item":"https:\/\/widok.pe\/"},{"@type":"ListItem","position":2,"name":"Mandarina Tango"}]},{"@type":"WebSite","@id":"https:\/\/widok.pe\/#website","url":"https:\/\/widok.pe\/","name":"","description":"Widok | Agroindustria","potentialAction":[{"@type":"SearchAction","target":{"@type":"EntryPoint","urlTemplate":"https:\/\/widok.pe\/?s={search_term_string}"},"query-input":{"@type":"PropertyValueSpecification","valueRequired":true,"valueName":"search_term_string"}}],"inLanguage":"en-US"}]}},"uagb_featured_image_src":{"full":false,"thumbnail":false,"medium":false,"medium_large":false,"large":false,"1536x1536":false,"2048x2048":false,"trp-custom-language-flag":false},"uagb_author_info":{"display_name":"admin","author_link":"https:\/\/widok.pe\/en\/author\/admin\/"},"uagb_comment_info":0,"uagb_excerpt":"Sabor Exquisito y Frescura Garantizada Temporada de Cosecha de Mandarina: Sabor en su M\u00e1ximo Esplendor La temporada de cosecha de [&hellip;]","_links":{"self":[{"href":"https:\/\/widok.pe\/en\/wp-json\/wp\/v2\/pages\/146","targetHints":{"allow":["GET"]}}],"collection":[{"href":"https:\/\/widok.pe\/en\/wp-json\/wp\/v2\/pages"}],"about":[{"href":"https:\/\/widok.pe\/en\/wp-json\/wp\/v2\/types\/page"}],"author":[{"embeddable":true,"href":"https:\/\/widok.pe\/en\/wp-json\/wp\/v2\/users\/1"}],"replies":[{"embeddable":true,"href":"https:\/\/widok.pe\/en\/wp-json\/wp\/v2\/comments?post=146"}],"version-history":[{"count":14,"href":"https:\/\/widok.pe\/en\/wp-json\/wp\/v2\/pages\/146\/revisions"}],"predecessor-version":[{"id":295,"href":"https:\/\/widok.pe\/en\/wp-json\/wp\/v2\/pages\/146\/revisions\/295"}],"wp:attachment":[{"href":"https:\/\/widok.pe\/en\/wp-json\/wp\/v2\/media?parent=146"}],"curies":[{"name":"wp","href":"https:\/\/api.w.org\/{rel}","templated":true}]}}