{"id":106,"date":"2025-03-31T23:20:57","date_gmt":"2025-03-31T21:20:57","guid":{"rendered":"https:\/\/widok.pe\/wp\/?page_id=106"},"modified":"2025-11-14T17:45:31","modified_gmt":"2025-11-14T16:45:31","slug":"nosotros","status":"publish","type":"page","link":"https:\/\/widok.pe\/en\/nosotros\/","title":{"rendered":"Nosotros"},"content":{"rendered":"<div class=\"wp-block-uagb-container uagb-block-e56p89mj alignfull uagb-is-root-container\"><div class=\"uagb-container-inner-blocks-wrap\">\n<div class=\"wp-block-uagb-info-box uagb-block-bz8jsetm uagb-infobox__content-wrap  uagb-infobox-icon-above-title uagb-infobox-image-valign-top\"><div class=\"uagb-ifb-content\"><div class=\"uagb-ifb-title-wrap\"><h1 class=\"uagb-ifb-title\">FLAVOR, QUALITY, AND FRESHNESS IN EVERY FRUIT.<\/h1><\/div><p class=\"uagb-ifb-desc\">We are a leading Peruvian company dedicated to producing and exporting premium-quality fresh fruits, with a strong commitment to <strong>excellence, sustainability, and innovation<\/strong> to meet the highest international standards.<\/p><\/div><\/div>\n<\/div><\/div>\n\n\n\n<div class=\"wp-block-uagb-container uagb-block-4udzzokg alignfull uagb-is-root-container\"><div class=\"uagb-container-inner-blocks-wrap\">\n<div class=\"wp-block-uagb-container uagb-block-hbbxsczy\">\n<div class=\"wp-block-uagb-container uagb-block-afhgsapk\">\n<div class=\"wp-block-uagb-info-box uagb-block-qux9oqct uagb-infobox__content-wrap  uagb-infobox-icon-above-title uagb-infobox-image-valign-top\"><div class=\"uagb-ifb-content\"><div class=\"uagb-ifb-icon-wrap\"><div class=\"uagb-iconbox-icon-wrap uagb-infobox-shape-circle\"><svg xmlns=\"https:\/\/www.w3.org\/2000\/svg\" viewbox=\"0 0 512 512\"><path d=\"M224 256C224 238.3 238.3 224 256 224C273.7 224 288 238.3 288 256C288 273.7 273.7 288 256 288C238.3 288 224 273.7 224 256zM256 0C273.7 0 288 14.33 288 32V42.35C381.7 56.27 455.7 130.3 469.6 224H480C497.7 224 512 238.3 512 256C512 273.7 497.7 288 480 288H469.6C455.7 381.7 381.7 455.7 288 469.6V480C288 497.7 273.7 512 256 512C238.3 512 224 497.7 224 480V469.6C130.3 455.7 56.27 381.7 42.35 288H32C14.33 288 0 273.7 0 256C0 238.3 14.33 224 32 224H42.35C56.27 130.3 130.3 56.27 224 42.35V32C224 14.33 238.3 0 256 0V0zM224 404.6V384C224 366.3 238.3 352 256 352C273.7 352 288 366.3 288 384V404.6C346.3 392.1 392.1 346.3 404.6 288H384C366.3 288 352 273.7 352 256C352 238.3 366.3 224 384 224H404.6C392.1 165.7 346.3 119.9 288 107.4V128C288 145.7 273.7 160 256 160C238.3 160 224 145.7 224 128V107.4C165.7 119.9 119.9 165.7 107.4 224H128C145.7 224 160 238.3 160 256C160 273.7 145.7 288 128 288H107.4C119.9 346.3 165.7 392.1 224 404.6z\"><\/path><\/svg><\/div><\/div><div class=\"uagb-ifb-title-wrap\"><h3 class=\"uagb-ifb-title\">Mission<\/h3><\/div><p class=\"uagb-ifb-desc\">We are a team committed to excellence in the quality of our products, focused on crop efficiency and the sustainability of our environment.<\/p><\/div><\/div>\n<\/div>\n\n\n\n<div class=\"wp-block-uagb-container uagb-block-kpsxk2q2\">\n<div class=\"wp-block-uagb-info-box uagb-block-vcj1mtjl uagb-infobox__content-wrap  uagb-infobox-icon-above-title uagb-infobox-image-valign-top\"><div class=\"uagb-ifb-content\"><div class=\"uagb-ifb-icon-wrap\"><div class=\"uagb-iconbox-icon-wrap uagb-infobox-shape-circle\"><svg xmlns=\"https:\/\/www.w3.org\/2000\/svg\" viewbox=\"0 0 576 512\"><path d=\"M279.6 160.4C282.4 160.1 285.2 160 288 160C341 160 384 202.1 384 256C384 309 341 352 288 352C234.1 352 192 309 192 256C192 253.2 192.1 250.4 192.4 247.6C201.7 252.1 212.5 256 224 256C259.3 256 288 227.3 288 192C288 180.5 284.1 169.7 279.6 160.4zM480.6 112.6C527.4 156 558.7 207.1 573.5 243.7C576.8 251.6 576.8 260.4 573.5 268.3C558.7 304 527.4 355.1 480.6 399.4C433.5 443.2 368.8 480 288 480C207.2 480 142.5 443.2 95.42 399.4C48.62 355.1 17.34 304 2.461 268.3C-.8205 260.4-.8205 251.6 2.461 243.7C17.34 207.1 48.62 156 95.42 112.6C142.5 68.84 207.2 32 288 32C368.8 32 433.5 68.84 480.6 112.6V112.6zM288 112C208.5 112 144 176.5 144 256C144 335.5 208.5 400 288 400C367.5 400 432 335.5 432 256C432 176.5 367.5 112 288 112z\"><\/path><\/svg><\/div><\/div><div class=\"uagb-ifb-title-wrap\"><h3 class=\"uagb-ifb-title\">Vision<\/h3><\/div><p class=\"uagb-ifb-desc\">Peruvian leaders in the commercialization of food products in premium international markets, based on excellence, innovation, and continuous improvement.<\/p><\/div><\/div>\n<\/div>\n\n\n\n<div class=\"wp-block-uagb-container uagb-block-793cff1f\"><\/div>\n<\/div>\n<\/div><\/div>\n\n\n\n<div class=\"wp-block-uagb-container uagb-block-d5954045 alignfull uagb-is-root-container\"><div class=\"uagb-container-inner-blocks-wrap\">\n<div class=\"wp-block-columns is-layout-flex wp-container-core-columns-is-layout-28f84493 wp-block-columns-is-layout-flex\">\n<div class=\"wp-block-column is-layout-flow wp-block-column-is-layout-flow\">\n<div class=\"wp-block-uagb-container uagb-block-5bd4405b\">\n<div class=\"wp-block-uagb-advanced-heading uagb-block-65678838\"><h1 class=\"uagb-heading-text\"><strong>Connect with Us<\/strong><\/h1><p class=\"uagb-desc-text\">At Widok, we are committed to providing you with clear and timely information about our products and services. If you have any questions, comments, or would like to learn more about our fresh fruits and certifications, <strong>fill out the form or contact us via WhatsApp or social media. We\u2019ll be happy to assist you!<\/strong><\/p><\/div>\n<\/div>\n<\/div>\n\n\n\n<div class=\"wp-block-column is-layout-flow wp-block-column-is-layout-flow\">\n<div class=\"wp-block-uagb-forms uagb-forms__outer-wrap uagb-block-42949b36 uagb-forms__medium-btn\"><form class=\"uagb-forms-main-form\" method=\"post\" autocomplete=\"on\" name=\"uagb-form-42949b36\" action=\"\">\n<div class=\"wp-block-uagb-forms-name uagb-forms-name-wrap uagb-forms-field-set uagb-block-ba1d4a74\"><div class=\"uagb-forms-name-label required uagb-forms-input-label\" id=\"ba1d4a74\">First Name<\/div><input type=\"text\" placeholder=\"\" required class=\"uagb-forms-name-input uagb-forms-input\" name=\"ba1d4a74\" autocomplete=\"given-name\"\/><\/div>\n\n\n\n<div class=\"wp-block-uagb-forms-name uagb-forms-name-wrap uagb-forms-field-set uagb-block-8d107e76\"><div class=\"uagb-forms-name-label required uagb-forms-input-label\" id=\"8d107e76\">Last Name<\/div><input type=\"text\" placeholder=\"\" required class=\"uagb-forms-name-input uagb-forms-input\" name=\"8d107e76\" autocomplete=\"family-name\"\/><\/div>\n\n\n\n<div class=\"wp-block-uagb-forms-email uagb-forms-email-wrap uagb-forms-field-set uagb-block-97250f88\"><div class=\"uagb-forms-email-label required uagb-forms-input-label\" id=\"97250f88\">Mail<\/div><input type=\"email\" class=\"uagb-forms-email-input uagb-forms-input\" placeholder=\"\" required name=\"97250f88\" autocomplete=\"email\"\/><\/div>\n\n\n\n<div class=\"wp-block-uagb-forms-textarea uagb-forms-textarea-wrap uagb-forms-field-set uagb-block-8e3d890f\"><div class=\"uagb-forms-textarea-label required uagb-forms-input-label\" id=\"8e3d890f\">Message<\/div><textarea required class=\"uagb-forms-textarea-input uagb-forms-input\" rows=\"4\" placeholder=\"\" name=\"8e3d890f\" autocomplete=\"off\"><\/textarea><\/div>\n<div class=\"uagb-forms-form-hidden-data\"><input type=\"hidden\" id=\"g-recaptcha-response\" class=\"uagb-forms-recaptcha\"\/><input type=\"hidden\" class=\"uagb_forms_form_label\" value=\"Spectra Form\"\/><input type=\"hidden\" class=\"uagb_forms_form_id\" value=\"uagb-form-42949b36\"\/><\/div><div class=\"g-recaptcha uagb-forms-field-set\" data-sitekey=\"\"><\/div><div class=\"uagb-form-reacaptcha-error-42949b36\"><\/div><div class=\"uagb-forms-main-submit-button-wrap wp-block-button\"><button class=\"uagb-forms-main-submit-button wp-block-button__link\"><div class=\"uagb-forms-main-submit-button-text\">Send<\/div><\/button><\/div><input type=\"hidden\" name=\"trp-form-language\" value=\"en\"\/><\/form><div class=\"uagb-forms-success-message-42949b36 uagb-forms-submit-message-hide\"><span>The form has been submitted successfully!<\/span><\/div><div class=\"uagb-forms-failed-message-42949b36 uagb-forms-submit-message-hide\"><span>There has been some error while submitting the form. Please verify all form fields again.<\/span><\/div><\/div>\n<\/div>\n<\/div>\n<\/div><\/div>","protected":false},"excerpt":{"rendered":"<p>\u00a1Conecta con Nosotros! En Widok, estamos comprometidos en brindarte informaci\u00f3n clara y oportuna sobre nuestros productos y servicios. Si tienes [&hellip;]<\/p>","protected":false},"author":1,"featured_media":0,"parent":0,"menu_order":0,"comment_status":"closed","ping_status":"closed","template":"","meta":{"_uag_custom_page_level_css":"","site-sidebar-layout":"default","site-content-layout":"","ast-site-content-layout":"","site-content-style":"default","site-sidebar-style":"default","ast-global-header-display":"","ast-banner-title-visibility":"","ast-main-header-display":"","ast-hfb-above-header-display":"","ast-hfb-below-header-display":"","ast-hfb-mobile-header-display":"","site-post-title":"disabled","ast-breadcrumbs-content":"","ast-featured-img":"","footer-sml-layout":"","theme-transparent-header-meta":"","adv-header-id-meta":"","stick-header-meta":"","header-above-stick-meta":"","header-main-stick-meta":"","header-below-stick-meta":"","astra-migrate-meta-layouts":"default","ast-page-background-enabled":"default","ast-page-background-meta":{"desktop":{"background-color":"var(--ast-global-color-5)","background-image":"","background-repeat":"repeat","background-position":"center center","background-size":"auto","background-attachment":"scroll","background-type":"","background-media":"","overlay-type":"","overlay-color":"","overlay-opacity":"","overlay-gradient":""},"tablet":{"background-color":"","background-image":"","background-repeat":"repeat","background-position":"center center","background-size":"auto","background-attachment":"scroll","background-type":"","background-media":"","overlay-type":"","overlay-color":"","overlay-opacity":"","overlay-gradient":""},"mobile":{"background-color":"","background-image":"","background-repeat":"repeat","background-position":"center center","background-size":"auto","background-attachment":"scroll","background-type":"","background-media":"","overlay-type":"","overlay-color":"","overlay-opacity":"","overlay-gradient":""}},"ast-content-background-meta":{"desktop":{"background-color":"var(--ast-global-color-4)","background-image":"","background-repeat":"repeat","background-position":"center center","background-size":"auto","background-attachment":"scroll","background-type":"","background-media":"","overlay-type":"","overlay-color":"","overlay-opacity":"","overlay-gradient":""},"tablet":{"background-color":"var(--ast-global-color-4)","background-image":"","background-repeat":"repeat","background-position":"center center","background-size":"auto","background-attachment":"scroll","background-type":"","background-media":"","overlay-type":"","overlay-color":"","overlay-opacity":"","overlay-gradient":""},"mobile":{"background-color":"var(--ast-global-color-4)","background-image":"","background-repeat":"repeat","background-position":"center center","background-size":"auto","background-attachment":"scroll","background-type":"","background-media":"","overlay-type":"","overlay-color":"","overlay-opacity":"","overlay-gradient":""}},"footnotes":""},"class_list":["post-106","page","type-page","status-publish","hentry"],"yoast_head":"<!-- This site is optimized with the Yoast SEO plugin v24.8.1 - https:\/\/yoast.com\/wordpress\/plugins\/seo\/ -->\n<title>Nosotros -<\/title>\n<meta name=\"description\" content=\"En Widok somos una empresa peruana dedicada a la producci\u00f3n y exportaci\u00f3n de frutas frescas de calidad premium, con un firme compromiso con la sostenibilidad, la innovaci\u00f3n y la excelencia.\" \/>\n<meta name=\"robots\" content=\"index, follow, max-snippet:-1, max-image-preview:large, max-video-preview:-1\" \/>\n<link rel=\"canonical\" href=\"https:\/\/widok.pe\/en\/nosotros\/\" \/>\n<meta property=\"og:locale\" content=\"en_US\" \/>\n<meta property=\"og:type\" content=\"article\" \/>\n<meta property=\"og:title\" content=\"Nosotros -\" \/>\n<meta property=\"og:description\" content=\"En Widok somos una empresa peruana dedicada a la producci\u00f3n y exportaci\u00f3n de frutas frescas de calidad premium, con un firme compromiso con la sostenibilidad, la innovaci\u00f3n y la excelencia.\" \/>\n<meta property=\"og:url\" content=\"https:\/\/widok.pe\/en\/nosotros\/\" \/>\n<meta property=\"article:modified_time\" content=\"2025-11-14T16:45:31+00:00\" \/>\n<meta name=\"twitter:card\" content=\"summary_large_image\" \/>\n<meta name=\"twitter:label1\" content=\"Est. reading time\" \/>\n\t<meta name=\"twitter:data1\" content=\"1 minute\" \/>\n<script type=\"application\/ld+json\" class=\"yoast-schema-graph\">{\"@context\":\"https:\/\/schema.org\",\"@graph\":[{\"@type\":\"WebPage\",\"@id\":\"https:\/\/widok.pe\/nosotros\/\",\"url\":\"https:\/\/widok.pe\/nosotros\/\",\"name\":\"Nosotros -\",\"isPartOf\":{\"@id\":\"https:\/\/widok.pe\/#website\"},\"datePublished\":\"2025-03-31T21:20:57+00:00\",\"dateModified\":\"2025-11-14T16:45:31+00:00\",\"description\":\"En Widok somos una empresa peruana dedicada a la producci\u00f3n y exportaci\u00f3n de frutas frescas de calidad premium, con un firme compromiso con la sostenibilidad, la innovaci\u00f3n y la excelencia.\",\"breadcrumb\":{\"@id\":\"https:\/\/widok.pe\/nosotros\/#breadcrumb\"},\"inLanguage\":\"en-US\",\"potentialAction\":[{\"@type\":\"ReadAction\",\"target\":[\"https:\/\/widok.pe\/nosotros\/\"]}]},{\"@type\":\"BreadcrumbList\",\"@id\":\"https:\/\/widok.pe\/nosotros\/#breadcrumb\",\"itemListElement\":[{\"@type\":\"ListItem\",\"position\":1,\"name\":\"Portada\",\"item\":\"https:\/\/widok.pe\/\"},{\"@type\":\"ListItem\",\"position\":2,\"name\":\"Nosotros\"}]},{\"@type\":\"WebSite\",\"@id\":\"https:\/\/widok.pe\/#website\",\"url\":\"https:\/\/widok.pe\/\",\"name\":\"\",\"description\":\"Widok | Agroindustria\",\"potentialAction\":[{\"@type\":\"SearchAction\",\"target\":{\"@type\":\"EntryPoint\",\"urlTemplate\":\"https:\/\/widok.pe\/?s={search_term_string}\"},\"query-input\":{\"@type\":\"PropertyValueSpecification\",\"valueRequired\":true,\"valueName\":\"search_term_string\"}}],\"inLanguage\":\"en-US\"}]}<\/script>\n<!-- \/ Yoast SEO plugin. -->","yoast_head_json":{"title":"Nosotros -","description":"En Widok somos una empresa peruana dedicada a la producci\u00f3n y exportaci\u00f3n de frutas frescas de calidad premium, con un firme compromiso con la sostenibilidad, la innovaci\u00f3n y la excelencia.","robots":{"index":"index","follow":"follow","max-snippet":"max-snippet:-1","max-image-preview":"max-image-preview:large","max-video-preview":"max-video-preview:-1"},"canonical":"https:\/\/widok.pe\/en\/nosotros\/","og_locale":"en_US","og_type":"article","og_title":"Nosotros -","og_description":"En Widok somos una empresa peruana dedicada a la producci\u00f3n y exportaci\u00f3n de frutas frescas de calidad premium, con un firme compromiso con la sostenibilidad, la innovaci\u00f3n y la excelencia.","og_url":"https:\/\/widok.pe\/en\/nosotros\/","article_modified_time":"2025-11-14T16:45:31+00:00","twitter_card":"summary_large_image","twitter_misc":{"Est. reading time":"1 minute"},"schema":{"@context":"https:\/\/schema.org","@graph":[{"@type":"WebPage","@id":"https:\/\/widok.pe\/nosotros\/","url":"https:\/\/widok.pe\/nosotros\/","name":"Nosotros -","isPartOf":{"@id":"https:\/\/widok.pe\/#website"},"datePublished":"2025-03-31T21:20:57+00:00","dateModified":"2025-11-14T16:45:31+00:00","description":"En Widok somos una empresa peruana dedicada a la producci\u00f3n y exportaci\u00f3n de frutas frescas de calidad premium, con un firme compromiso con la sostenibilidad, la innovaci\u00f3n y la excelencia.","breadcrumb":{"@id":"https:\/\/widok.pe\/nosotros\/#breadcrumb"},"inLanguage":"en-US","potentialAction":[{"@type":"ReadAction","target":["https:\/\/widok.pe\/nosotros\/"]}]},{"@type":"BreadcrumbList","@id":"https:\/\/widok.pe\/nosotros\/#breadcrumb","itemListElement":[{"@type":"ListItem","position":1,"name":"Portada","item":"https:\/\/widok.pe\/"},{"@type":"ListItem","position":2,"name":"Nosotros"}]},{"@type":"WebSite","@id":"https:\/\/widok.pe\/#website","url":"https:\/\/widok.pe\/","name":"","description":"Widok | Agroindustria","potentialAction":[{"@type":"SearchAction","target":{"@type":"EntryPoint","urlTemplate":"https:\/\/widok.pe\/?s={search_term_string}"},"query-input":{"@type":"PropertyValueSpecification","valueRequired":true,"valueName":"search_term_string"}}],"inLanguage":"en-US"}]}},"uagb_featured_image_src":{"full":false,"thumbnail":false,"medium":false,"medium_large":false,"large":false,"1536x1536":false,"2048x2048":false,"trp-custom-language-flag":false},"uagb_author_info":{"display_name":"admin","author_link":"https:\/\/widok.pe\/en\/author\/admin\/"},"uagb_comment_info":0,"uagb_excerpt":"\u00a1Conecta con Nosotros! En Widok, estamos comprometidos en brindarte informaci\u00f3n clara y oportuna sobre nuestros productos y servicios. Si tienes [&hellip;]","_links":{"self":[{"href":"https:\/\/widok.pe\/en\/wp-json\/wp\/v2\/pages\/106","targetHints":{"allow":["GET"]}}],"collection":[{"href":"https:\/\/widok.pe\/en\/wp-json\/wp\/v2\/pages"}],"about":[{"href":"https:\/\/widok.pe\/en\/wp-json\/wp\/v2\/types\/page"}],"author":[{"embeddable":true,"href":"https:\/\/widok.pe\/en\/wp-json\/wp\/v2\/users\/1"}],"replies":[{"embeddable":true,"href":"https:\/\/widok.pe\/en\/wp-json\/wp\/v2\/comments?post=106"}],"version-history":[{"count":18,"href":"https:\/\/widok.pe\/en\/wp-json\/wp\/v2\/pages\/106\/revisions"}],"predecessor-version":[{"id":315,"href":"https:\/\/widok.pe\/en\/wp-json\/wp\/v2\/pages\/106\/revisions\/315"}],"wp:attachment":[{"href":"https:\/\/widok.pe\/en\/wp-json\/wp\/v2\/media?parent=106"}],"curies":[{"name":"wp","href":"https:\/\/api.w.org\/{rel}","templated":true}]}}